{"id":36,"date":"2023-05-30T08:08:34","date_gmt":"2023-05-30T08:08:34","guid":{"rendered":"https:\/\/wp1.themevibrant.com\/newwp\/counsolve\/?page_id=36"},"modified":"2024-03-06T00:44:30","modified_gmt":"2024-03-06T00:44:30","slug":"our-team","status":"publish","type":"page","link":"https:\/\/cec.plasmamx.com\/index.php\/our-team\/","title":{"rendered":"Equipo"},"content":{"rendered":"\t\t<div data-elementor-type=\"wp-page\" data-elementor-id=\"36\" class=\"elementor elementor-36\" data-elementor-post-type=\"page\">\n\t\t\t\t\t\t\t\t\t<section class=\"elementor-section elementor-top-section elementor-element elementor-element-8332fa9 elementor-section-boxed elementor-section-height-default elementor-section-height-default\" data-id=\"8332fa9\" data-element_type=\"section\">\n\t\t\t\t\t\t<div class=\"elementor-container elementor-column-gap-default\">\n\t\t\t\t\t<div class=\"elementor-column elementor-col-100 elementor-top-column elementor-element elementor-element-b49d4f7\" data-id=\"b49d4f7\" data-element_type=\"column\">\n\t\t\t<div class=\"elementor-widget-wrap elementor-element-populated\">\n\t\t\t\t\t\t\t\t<div class=\"elementor-element elementor-element-df53b6a elementor-widget elementor-widget-heading\" data-id=\"df53b6a\" data-element_type=\"widget\" data-widget_type=\"heading.default\">\n\t\t\t\t<div class=\"elementor-widget-container\">\n\t\t\t<style>\/*! elementor - v3.16.0 - 17-10-2023 *\/\n.elementor-heading-title{padding:0;margin:0;line-height:1}.elementor-widget-heading .elementor-heading-title[class*=elementor-size-]>a{color:inherit;font-size:inherit;line-height:inherit}.elementor-widget-heading .elementor-heading-title.elementor-size-small{font-size:15px}.elementor-widget-heading .elementor-heading-title.elementor-size-medium{font-size:19px}.elementor-widget-heading .elementor-heading-title.elementor-size-large{font-size:29px}.elementor-widget-heading .elementor-heading-title.elementor-size-xl{font-size:39px}.elementor-widget-heading .elementor-heading-title.elementor-size-xxl{font-size:59px}<\/style><h2 class=\"elementor-heading-title elementor-size-default\">\n    NUESTRA EXPERIENCIA\n<\/h2>\t\t<\/div>\n\t\t\t\t<\/div>\n\t\t\t\t\t<\/div>\n\t\t<\/div>\n\t\t\t\t\t\t\t<\/div>\n\t\t<\/section>\n\t\t\t\t<section class=\"elementor-section elementor-top-section elementor-element elementor-element-dd3065f elementor-section-boxed elementor-section-height-default elementor-section-height-default\" data-id=\"dd3065f\" data-element_type=\"section\">\n\t\t\t\t\t\t<div class=\"elementor-container elementor-column-gap-default\">\n\t\t\t\t\t<div class=\"elementor-column elementor-col-100 elementor-top-column elementor-element elementor-element-8014ac3\" data-id=\"8014ac3\" data-element_type=\"column\">\n\t\t\t<div class=\"elementor-widget-wrap elementor-element-populated\">\n\t\t\t\t\t\t\t\t<div class=\"elementor-element elementor-element-a6bab63 elementor-widget elementor-widget-text-editor\" data-id=\"a6bab63\" data-element_type=\"widget\" data-widget_type=\"text-editor.default\">\n\t\t\t\t<div class=\"elementor-widget-container\">\n\t\t\t<style>\/*! elementor - v3.16.0 - 17-10-2023 *\/\n.elementor-widget-text-editor.elementor-drop-cap-view-stacked .elementor-drop-cap{background-color:#69727d;color:#fff}.elementor-widget-text-editor.elementor-drop-cap-view-framed .elementor-drop-cap{color:#69727d;border:3px solid;background-color:transparent}.elementor-widget-text-editor:not(.elementor-drop-cap-view-default) .elementor-drop-cap{margin-top:8px}.elementor-widget-text-editor:not(.elementor-drop-cap-view-default) .elementor-drop-cap-letter{width:1em;height:1em}.elementor-widget-text-editor .elementor-drop-cap{float:left;text-align:center;line-height:1;font-size:50px}.elementor-widget-text-editor .elementor-drop-cap-letter{display:inline-block}<\/style>\t\t\t\t\nConsultor\u00eda Fiscal Contadores P\u00fablicos y Auditores, S.C. se consitutuye en el a\u00f1o 2000 como respuesta a las necesidades que tienen las Peque\u00f1as y Medianas Empresas (PYME)) comerciales, industriales y de servicio, para mejorar sus procesos de gesti\u00f3n empresarial y por ende, su rentabilidad.\nDurante todos estos a\u00f1os, la confianza de nuestros clientes ha permitido el crecimiento de la Firma y de nuestros integrantes, un equipo multidisclipinario de profesionistas entusiastas y con deseos de superaci\u00f3n, para ofrecer servicios especializados integrales de auditor\u00eda financiera, asesor\u00eda fiscal y consultor\u00eda empresarial, enfocados a mejorar la gesti\u00f3n de riesgos empresariales con una visi\u00f3n global.\t\t\t\t\t\t<\/div>\n\t\t\t\t<\/div>\n\t\t\t\t\t<\/div>\n\t\t<\/div>\n\t\t\t\t\t\t\t<\/div>\n\t\t<\/section>\n\t\t\t\t<section class=\"elementor-section elementor-top-section elementor-element elementor-element-dc57f96 elementor-section-full_width elementor-section-height-default elementor-section-height-default\" data-id=\"dc57f96\" data-element_type=\"section\">\n\t\t\t\t\t\t<div class=\"elementor-container elementor-column-gap-default\">\n\t\t\t\t\t<div class=\"elementor-column elementor-col-100 elementor-top-column elementor-element elementor-element-78931af\" data-id=\"78931af\" data-element_type=\"column\">\n\t\t\t<div class=\"elementor-widget-wrap elementor-element-populated\">\n\t\t\t\t\t\t\t\t<section class=\"elementor-section elementor-inner-section elementor-element elementor-element-923fd0a elementor-section-boxed elementor-section-height-default elementor-section-height-default\" data-id=\"923fd0a\" data-element_type=\"section\">\n\t\t\t\t\t\t<div class=\"elementor-container elementor-column-gap-default\">\n\t\t\t\t\t<div class=\"elementor-column elementor-col-100 elementor-inner-column elementor-element elementor-element-36adb2b\" data-id=\"36adb2b\" data-element_type=\"column\">\n\t\t\t<div class=\"elementor-widget-wrap elementor-element-populated\">\n\t\t\t\t\t\t\t\t<div class=\"elementor-element elementor-element-1e5a429 elementor-widget elementor-widget-counsolve_hero_title\" data-id=\"1e5a429\" data-element_type=\"widget\" data-widget_type=\"counsolve_hero_title.default\">\n\t\t\t\t<div class=\"elementor-widget-container\">\n\t\t\t    \n    <div class=\"te-box-title sec-title \">        \n                <span class=\"te-subtitle sub-title\"><span class=\"te-bn-subtitle\"><\/span><\/span>\n        \t\t<h2 class=\"te_title counsolve-size-default\">Equipo Multidisciplinario<\/h2>        \n                \n    <\/div>     \n    \n    \t\t<\/div>\n\t\t\t\t<\/div>\n\t\t\t\t\t<\/div>\n\t\t<\/div>\n\t\t\t\t\t\t\t<\/div>\n\t\t<\/section>\n\t\t\t\t<section class=\"elementor-section elementor-inner-section elementor-element elementor-element-5eda2fc elementor-section-boxed elementor-section-height-default elementor-section-height-default\" data-id=\"5eda2fc\" data-element_type=\"section\">\n\t\t\t\t\t\t<div class=\"elementor-container elementor-column-gap-default\">\n\t\t\t\t\t<div class=\"elementor-column elementor-col-100 elementor-inner-column elementor-element elementor-element-789edd3\" data-id=\"789edd3\" data-element_type=\"column\">\n\t\t\t<div class=\"elementor-widget-wrap elementor-element-populated\">\n\t\t\t\t\t\t\t\t<div class=\"elementor-element elementor-element-0e0d16d elementor-widget elementor-widget-counsolve_team_carousel\" data-id=\"0e0d16d\" data-element_type=\"widget\" data-widget_type=\"counsolve_team_carousel.default\">\n\t\t\t\t<div class=\"elementor-widget-container\">\n\t\t\t    \n        \n    <!-- team-section -->\n    <section class=\"team-section counsolve-team-section p-0 m-0\">        \n        <div class=\"three-item-carousel counsolve-team-three-item-carousel owl-carousel owl-theme  owl-nav-one\" id=\"yt-team-slider\" data-slider=\"{&quot;infinite&quot;:true,&quot;autoplay&quot;:true,&quot;autoplaySpeed&quot;:&quot;2500&quot;,&quot;dots&quot;:true,&quot;nav&quot;:true,&quot;item_gap&quot;:30,&quot;item_show&quot;:3}\">\n        \t            \n            <div class=\"team-block-one\">\n                <div class=\"inner-box\">\n                    <figure class=\"image-box\"><img loading=\"lazy\" width=\"370\" height=\"370\" src=\"https:\/\/cec.plasmamx.com\/wp-content\/uploads\/2023\/06\/Equipo12.png\" class=\"attachment-counsolve_370x370 size-counsolve_370x370 wp-post-image\" alt=\"\" decoding=\"async\" srcset=\"https:\/\/cec.plasmamx.com\/wp-content\/uploads\/2023\/06\/Equipo12.png 370w, https:\/\/cec.plasmamx.com\/wp-content\/uploads\/2023\/06\/Equipo12-300x300.png 300w, https:\/\/cec.plasmamx.com\/wp-content\/uploads\/2023\/06\/Equipo12-150x150.png 150w, https:\/\/cec.plasmamx.com\/wp-content\/uploads\/2023\/06\/Equipo12-60x60.png 60w, https:\/\/cec.plasmamx.com\/wp-content\/uploads\/2023\/06\/Equipo12-58x58.png 58w, https:\/\/cec.plasmamx.com\/wp-content\/uploads\/2023\/06\/Equipo12-170x170.png 170w, https:\/\/cec.plasmamx.com\/wp-content\/uploads\/2023\/06\/Equipo12-80x80.png 80w, https:\/\/cec.plasmamx.com\/wp-content\/uploads\/2023\/06\/Equipo12-70x70.png 70w\" sizes=\"(max-width: 370px) 100vw, 370px\" \/><\/figure>\n                    <div class=\"lower-content\">\n                                                <div class=\"share-box\">\n                            <div class=\"share-icon\"><i class=\"flaticon-share\"><\/i><\/div>\n                                                    <\/div>\n                                                <h3><a href=\"https:\/\/cec.plasmamx.com\/index.php\/team\/bertram-irvin\/\">Yadyra Colmenares<\/a><\/h3>\n                        <p>Estudios TSU en Administraci\u00f3n P\u00fablica Municipal egresada del Instituto de&hellip;                        \t<a href=\"https:\/\/cec.plasmamx.com\/index.php\/team\/bertram-irvin\/\">\n                            \t\t\t\t\t\t\t\t\t\tLeer m\u00e1s                                                            <\/a>\n                        <\/p>\n                    <\/div>\n                <\/div>\n            <\/div>\n                        \n            <div class=\"team-block-one\">\n                <div class=\"inner-box\">\n                    <figure class=\"image-box\"><img loading=\"lazy\" width=\"370\" height=\"370\" src=\"https:\/\/cec.plasmamx.com\/wp-content\/uploads\/2023\/06\/Equipo11.png\" class=\"attachment-counsolve_370x370 size-counsolve_370x370 wp-post-image\" alt=\"\" decoding=\"async\" srcset=\"https:\/\/cec.plasmamx.com\/wp-content\/uploads\/2023\/06\/Equipo11.png 370w, https:\/\/cec.plasmamx.com\/wp-content\/uploads\/2023\/06\/Equipo11-300x300.png 300w, https:\/\/cec.plasmamx.com\/wp-content\/uploads\/2023\/06\/Equipo11-150x150.png 150w, https:\/\/cec.plasmamx.com\/wp-content\/uploads\/2023\/06\/Equipo11-60x60.png 60w, https:\/\/cec.plasmamx.com\/wp-content\/uploads\/2023\/06\/Equipo11-58x58.png 58w, https:\/\/cec.plasmamx.com\/wp-content\/uploads\/2023\/06\/Equipo11-170x170.png 170w, https:\/\/cec.plasmamx.com\/wp-content\/uploads\/2023\/06\/Equipo11-80x80.png 80w, https:\/\/cec.plasmamx.com\/wp-content\/uploads\/2023\/06\/Equipo11-70x70.png 70w\" sizes=\"(max-width: 370px) 100vw, 370px\" \/><\/figure>\n                    <div class=\"lower-content\">\n                                                <div class=\"share-box\">\n                            <div class=\"share-icon\"><i class=\"flaticon-share\"><\/i><\/div>\n                                                    <\/div>\n                                                <h3><a href=\"https:\/\/cec.plasmamx.com\/index.php\/team\/marian-lenora\/\">Mar\u00eda Rodr\u00edguez<\/a><\/h3>\n                        <p>Estudios Lic. en Finanzas y Fiscal Contador P\u00fablico egresada de&hellip;                        \t<a href=\"https:\/\/cec.plasmamx.com\/index.php\/team\/marian-lenora\/\">\n                            \t\t\t\t\t\t\t\t\t\tLeer m\u00e1s                                                            <\/a>\n                        <\/p>\n                    <\/div>\n                <\/div>\n            <\/div>\n                        \n            <div class=\"team-block-one\">\n                <div class=\"inner-box\">\n                    <figure class=\"image-box\"><img loading=\"lazy\" width=\"370\" height=\"370\" src=\"https:\/\/cec.plasmamx.com\/wp-content\/uploads\/2023\/06\/Equipo5.png\" class=\"attachment-counsolve_370x370 size-counsolve_370x370 wp-post-image\" alt=\"\" decoding=\"async\" srcset=\"https:\/\/cec.plasmamx.com\/wp-content\/uploads\/2023\/06\/Equipo5.png 370w, https:\/\/cec.plasmamx.com\/wp-content\/uploads\/2023\/06\/Equipo5-300x300.png 300w, https:\/\/cec.plasmamx.com\/wp-content\/uploads\/2023\/06\/Equipo5-150x150.png 150w, https:\/\/cec.plasmamx.com\/wp-content\/uploads\/2023\/06\/Equipo5-60x60.png 60w, https:\/\/cec.plasmamx.com\/wp-content\/uploads\/2023\/06\/Equipo5-58x58.png 58w, https:\/\/cec.plasmamx.com\/wp-content\/uploads\/2023\/06\/Equipo5-170x170.png 170w, https:\/\/cec.plasmamx.com\/wp-content\/uploads\/2023\/06\/Equipo5-80x80.png 80w, https:\/\/cec.plasmamx.com\/wp-content\/uploads\/2023\/06\/Equipo5-70x70.png 70w\" sizes=\"(max-width: 370px) 100vw, 370px\" \/><\/figure>\n                    <div class=\"lower-content\">\n                                                <div class=\"share-box\">\n                            <div class=\"share-icon\"><i class=\"flaticon-share\"><\/i><\/div>\n                                                    <\/div>\n                                                <h3><a href=\"https:\/\/cec.plasmamx.com\/index.php\/team\/herman-gordon\/\">Alfredo de la Cruz<\/a><\/h3>\n                        <p>Estudios Lic. en Contadur\u00eda P\u00fablica y Auditor\u00eda egresado de la&hellip;                        \t<a href=\"https:\/\/cec.plasmamx.com\/index.php\/team\/herman-gordon\/\">\n                            \t\t\t\t\t\t\t\t\t\tLeer m\u00e1s                                                            <\/a>\n                        <\/p>\n                    <\/div>\n                <\/div>\n            <\/div>\n                        \n            <div class=\"team-block-one\">\n                <div class=\"inner-box\">\n                    <figure class=\"image-box\"><img loading=\"lazy\" width=\"370\" height=\"370\" src=\"https:\/\/cec.plasmamx.com\/wp-content\/uploads\/2023\/06\/Equipo6.png\" class=\"attachment-counsolve_370x370 size-counsolve_370x370 wp-post-image\" alt=\"\" decoding=\"async\" srcset=\"https:\/\/cec.plasmamx.com\/wp-content\/uploads\/2023\/06\/Equipo6.png 370w, https:\/\/cec.plasmamx.com\/wp-content\/uploads\/2023\/06\/Equipo6-300x300.png 300w, https:\/\/cec.plasmamx.com\/wp-content\/uploads\/2023\/06\/Equipo6-150x150.png 150w, https:\/\/cec.plasmamx.com\/wp-content\/uploads\/2023\/06\/Equipo6-60x60.png 60w, https:\/\/cec.plasmamx.com\/wp-content\/uploads\/2023\/06\/Equipo6-58x58.png 58w, https:\/\/cec.plasmamx.com\/wp-content\/uploads\/2023\/06\/Equipo6-170x170.png 170w, https:\/\/cec.plasmamx.com\/wp-content\/uploads\/2023\/06\/Equipo6-80x80.png 80w, https:\/\/cec.plasmamx.com\/wp-content\/uploads\/2023\/06\/Equipo6-70x70.png 70w\" sizes=\"(max-width: 370px) 100vw, 370px\" \/><\/figure>\n                    <div class=\"lower-content\">\n                                                <div class=\"share-box\">\n                            <div class=\"share-icon\"><i class=\"flaticon-share\"><\/i><\/div>\n                            \t\t\t\t\t\t\t<ul class=\"social-links clearfix\">\n\t\t\t\t\t\t\t   \t\t\t\t\t\t\t\t<li><a href=\"https:\/\/www.facebook.com\"><i class=\"fab  fa-facebook-f\"><\/i><\/a><\/li>\n\t\t\t\t\t\t\t\t\t\t\t\t\t\t\t\t<li><a href=\"https:\/\/www.twitter.com\"><i class=\"fab  fa-twitter\"><\/i><\/a><\/li>\n\t\t\t\t\t\t\t\t\t\t\t\t\t\t\t\t<li><a href=\"https:\/\/www.instagram.com\"><i class=\"fab  fa-instagram\"><\/i><\/a><\/li>\n\t\t\t\t\t\t\t\t\t\t\t\t\t\t\t<\/ul>\n\t\t\t\t\t\t\t                        <\/div>\n                                                <h3><a href=\"https:\/\/cec.plasmamx.com\/index.php\/team\/marian-lenora-2\/\">Marian Lenora<\/a><\/h3>\n                        <p>She is Chief Investment Officer of ETF in Counsolve from&hellip;                        \t<a href=\"https:\/\/cec.plasmamx.com\/index.php\/team\/marian-lenora-2\/\">\n                            \t\t\t\t\t\t\t\t\t\tLeer m\u00e1s                                                            <\/a>\n                        <\/p>\n                    <\/div>\n                <\/div>\n            <\/div>\n                        \n            <div class=\"team-block-one\">\n                <div class=\"inner-box\">\n                    <figure class=\"image-box\"><img loading=\"lazy\" width=\"370\" height=\"370\" src=\"https:\/\/cec.plasmamx.com\/wp-content\/uploads\/2023\/06\/Equipo3.png\" class=\"attachment-counsolve_370x370 size-counsolve_370x370 wp-post-image\" alt=\"\" decoding=\"async\" srcset=\"https:\/\/cec.plasmamx.com\/wp-content\/uploads\/2023\/06\/Equipo3.png 370w, https:\/\/cec.plasmamx.com\/wp-content\/uploads\/2023\/06\/Equipo3-300x300.png 300w, https:\/\/cec.plasmamx.com\/wp-content\/uploads\/2023\/06\/Equipo3-150x150.png 150w, https:\/\/cec.plasmamx.com\/wp-content\/uploads\/2023\/06\/Equipo3-60x60.png 60w, https:\/\/cec.plasmamx.com\/wp-content\/uploads\/2023\/06\/Equipo3-58x58.png 58w, https:\/\/cec.plasmamx.com\/wp-content\/uploads\/2023\/06\/Equipo3-170x170.png 170w, https:\/\/cec.plasmamx.com\/wp-content\/uploads\/2023\/06\/Equipo3-80x80.png 80w, https:\/\/cec.plasmamx.com\/wp-content\/uploads\/2023\/06\/Equipo3-70x70.png 70w\" sizes=\"(max-width: 370px) 100vw, 370px\" \/><\/figure>\n                    <div class=\"lower-content\">\n                                                <div class=\"share-box\">\n                            <div class=\"share-icon\"><i class=\"flaticon-share\"><\/i><\/div>\n                            \t\t\t\t\t\t\t<ul class=\"social-links clearfix\">\n\t\t\t\t\t\t\t   \t\t\t\t\t\t\t\t<li><a href=\"https:\/\/www.twitter.com\"><i class=\"fab  fa-twitter\"><\/i><\/a><\/li>\n\t\t\t\t\t\t\t\t\t\t\t\t\t\t\t\t<li><a href=\"https:\/\/www.instagram.com\"><i class=\"fab  fa-instagram\"><\/i><\/a><\/li>\n\t\t\t\t\t\t\t\t\t\t\t\t\t\t\t<\/ul>\n\t\t\t\t\t\t\t                        <\/div>\n                                                <h3><a href=\"https:\/\/cec.plasmamx.com\/index.php\/team\/bertram-irvin-3\/\">Jos\u00e9 Hern\u00e1ndez<\/a><\/h3>\n                        <p>Estudios Lic. en Contadur\u00eda P\u00fablica egresado de la Universidad Aut\u00f3noma&hellip;                        \t<a href=\"https:\/\/cec.plasmamx.com\/index.php\/team\/bertram-irvin-3\/\">\n                            \t\t\t\t\t\t\t\t\t\tLeer m\u00e1s                                                            <\/a>\n                        <\/p>\n                    <\/div>\n                <\/div>\n            <\/div>\n                    <\/div>        \n    <\/section>\n    <!-- team-section end -->   \n     \n      \n   \t \t\t<\/div>\n\t\t\t\t<\/div>\n\t\t\t\t\t<\/div>\n\t\t<\/div>\n\t\t\t\t\t\t\t<\/div>\n\t\t<\/section>\n\t\t\t\t\t<\/div>\n\t\t<\/div>\n\t\t\t\t\t\t\t<\/div>\n\t\t<\/section>\n\t\t\t\t\t\t\t<\/div>\n\t\t","protected":false},"excerpt":{"rendered":"<p>NUESTRA EXPERIENCIA Consultor\u00eda Fiscal Contadores P\u00fablicos y Auditores, S.C. se consitutuye en el a\u00f1o 2000 como respuesta a las necesidades que tienen las Peque\u00f1as y Medianas Empresas (PYME)) comerciales, industriales y de servicio, para mejorar sus procesos de gesti\u00f3n empresarial y por ende, su rentabilidad. Durante todos estos a\u00f1os, la confianza de nuestros clientes ha [&hellip;]<\/p>\n","protected":false},"author":1,"featured_media":0,"parent":0,"menu_order":0,"comment_status":"closed","ping_status":"closed","template":"tpl-default-elementor.php","meta":{"footnotes":""},"_links":{"self":[{"href":"https:\/\/cec.plasmamx.com\/index.php\/wp-json\/wp\/v2\/pages\/36"}],"collection":[{"href":"https:\/\/cec.plasmamx.com\/index.php\/wp-json\/wp\/v2\/pages"}],"about":[{"href":"https:\/\/cec.plasmamx.com\/index.php\/wp-json\/wp\/v2\/types\/page"}],"author":[{"embeddable":true,"href":"https:\/\/cec.plasmamx.com\/index.php\/wp-json\/wp\/v2\/users\/1"}],"replies":[{"embeddable":true,"href":"https:\/\/cec.plasmamx.com\/index.php\/wp-json\/wp\/v2\/comments?post=36"}],"version-history":[{"count":37,"href":"https:\/\/cec.plasmamx.com\/index.php\/wp-json\/wp\/v2\/pages\/36\/revisions"}],"predecessor-version":[{"id":3726,"href":"https:\/\/cec.plasmamx.com\/index.php\/wp-json\/wp\/v2\/pages\/36\/revisions\/3726"}],"wp:attachment":[{"href":"https:\/\/cec.plasmamx.com\/index.php\/wp-json\/wp\/v2\/media?parent=36"}],"curies":[{"name":"wp","href":"https:\/\/api.w.org\/{rel}","templated":true}]}}