{"id":28,"date":"2023-05-30T08:06:13","date_gmt":"2023-05-30T08:06:13","guid":{"rendered":"https:\/\/wp1.themevibrant.com\/newwp\/counsolve\/?page_id=28"},"modified":"2023-10-18T00:26:30","modified_gmt":"2023-10-18T00:26:30","slug":"grid-view","status":"publish","type":"page","link":"https:\/\/cec.plasmamx.com\/index.php\/grid-view\/","title":{"rendered":"Blog"},"content":{"rendered":"\t\t<div data-elementor-type=\"wp-page\" data-elementor-id=\"28\" class=\"elementor elementor-28\" data-elementor-post-type=\"page\">\n\t\t\t\t\t\t\t\t\t<section class=\"elementor-section elementor-top-section elementor-element elementor-element-3a3438d elementor-section-full_width elementor-section-height-default elementor-section-height-default\" data-id=\"3a3438d\" data-element_type=\"section\">\n\t\t\t\t\t\t<div class=\"elementor-container elementor-column-gap-default\">\n\t\t\t\t\t<div class=\"elementor-column elementor-col-100 elementor-top-column elementor-element elementor-element-6898af9\" data-id=\"6898af9\" data-element_type=\"column\">\n\t\t\t<div class=\"elementor-widget-wrap elementor-element-populated\">\n\t\t\t\t\t\t\t\t<section class=\"elementor-section elementor-inner-section elementor-element elementor-element-0c079f8 elementor-section-boxed elementor-section-height-default elementor-section-height-default\" data-id=\"0c079f8\" data-element_type=\"section\">\n\t\t\t\t\t\t<div class=\"elementor-container elementor-column-gap-default\">\n\t\t\t\t\t<div class=\"elementor-column elementor-col-100 elementor-inner-column elementor-element elementor-element-15e0a2c\" data-id=\"15e0a2c\" data-element_type=\"column\">\n\t\t\t<div class=\"elementor-widget-wrap elementor-element-populated\">\n\t\t\t\t\t\t\t\t<div class=\"elementor-element elementor-element-5e16894 elementor-widget elementor-widget-counsolve_blog_grid\" data-id=\"5e16894\" data-element_type=\"widget\" data-settings=\"{&quot;btn_margin2&quot;:{&quot;unit&quot;:&quot;px&quot;,&quot;top&quot;:&quot;&quot;,&quot;right&quot;:&quot;&quot;,&quot;bottom&quot;:&quot;&quot;,&quot;left&quot;:&quot;&quot;,&quot;isLinked&quot;:true},&quot;btn_margin2_tablet&quot;:{&quot;unit&quot;:&quot;px&quot;,&quot;top&quot;:&quot;&quot;,&quot;right&quot;:&quot;&quot;,&quot;bottom&quot;:&quot;&quot;,&quot;left&quot;:&quot;&quot;,&quot;isLinked&quot;:true},&quot;btn_margin2_mobile&quot;:{&quot;unit&quot;:&quot;px&quot;,&quot;top&quot;:&quot;&quot;,&quot;right&quot;:&quot;&quot;,&quot;bottom&quot;:&quot;&quot;,&quot;left&quot;:&quot;&quot;,&quot;isLinked&quot;:true},&quot;btn_padding2&quot;:{&quot;unit&quot;:&quot;px&quot;,&quot;top&quot;:&quot;&quot;,&quot;right&quot;:&quot;&quot;,&quot;bottom&quot;:&quot;&quot;,&quot;left&quot;:&quot;&quot;,&quot;isLinked&quot;:true},&quot;btn_padding2_tablet&quot;:{&quot;unit&quot;:&quot;px&quot;,&quot;top&quot;:&quot;&quot;,&quot;right&quot;:&quot;&quot;,&quot;bottom&quot;:&quot;&quot;,&quot;left&quot;:&quot;&quot;,&quot;isLinked&quot;:true},&quot;btn_padding2_mobile&quot;:{&quot;unit&quot;:&quot;px&quot;,&quot;top&quot;:&quot;&quot;,&quot;right&quot;:&quot;&quot;,&quot;bottom&quot;:&quot;&quot;,&quot;left&quot;:&quot;&quot;,&quot;isLinked&quot;:true}}\" data-widget_type=\"counsolve_blog_grid.default\">\n\t\t\t\t<div class=\"elementor-widget-container\">\n\t\t\t    \n        \n    <section class=\"blog-grid counsolve-news-section p-0 m-0\">\n        <div class=\"row clearfix\">\n                        <div class=\"col-lg-4 col-md-6 col-sm-12 news-block\">\n                <div class=\"news-block-one wow fadeInUp animated\" data-wow-delay=\"00ms\" data-wow-duration=\"1500ms\">\n                    <div class=\"inner-box\">\n                        <div class=\"upper-box\">\n                                                                                <\/div>\n                                                <div class=\"image-box\">\n                            <figure class=\"image\"><a href=\"https:\/\/cec.plasmamx.com\/index.php\/2023\/08\/16\/here-are-some-tips-giving-back-interested-in-this-year\/\"><img loading=\"lazy\" width=\"310\" height=\"270\" src=\"https:\/\/cec.plasmamx.com\/wp-content\/uploads\/2023\/05\/news-25-310x270.jpg\" class=\"attachment-counsolve_310x270 size-counsolve_310x270 wp-post-image\" alt=\"\" decoding=\"async\" \/><\/a><\/figure>\n                            <div class=\"view-btn\"><a href=\"https:\/\/cec.plasmamx.com\/wp-content\/uploads\/2023\/05\/news-25.jpg\" class=\"lightbox-image\" data-fancybox=\"gallery\"><i class=\"flaticon-zoom-in\"><\/i><\/a><\/div>\n                        <\/div>\n                                                <div class=\"lower-box\">\n                            <h3><a href=\"https:\/\/cec.plasmamx.com\/index.php\/2023\/08\/16\/here-are-some-tips-giving-back-interested-in-this-year\/\">OBLIGACIONES DE LAS PERSONAS F\u00cdSICAS Y MORALES EN MATERIA DE PARTES RELACIONADAS<\/a><\/h3>\n                            <div class=\"link counsolve-read-btn\"><a href=\"https:\/\/cec.plasmamx.com\/index.php\/2023\/08\/16\/here-are-some-tips-giving-back-interested-in-this-year\/\">\n                            \t<span>\n                                \t\t\t\t\t\t\t\t\t\t\tLeer Mas                                                                    <\/span><\/a>\n                            <\/div>\n                        <\/div>\n                    <\/div>\n                <\/div>\n            <\/div>\n                        <div class=\"col-lg-4 col-md-6 col-sm-12 news-block\">\n                <div class=\"news-block-one wow fadeInUp animated\" data-wow-delay=\"00ms\" data-wow-duration=\"1500ms\">\n                    <div class=\"inner-box\">\n                        <div class=\"upper-box\">\n                                                                                <\/div>\n                                                <div class=\"image-box\">\n                            <figure class=\"image\"><a href=\"https:\/\/cec.plasmamx.com\/index.php\/2023\/05\/30\/revisiting-your-investment-distribution-goals\/\"><img loading=\"lazy\" width=\"310\" height=\"270\" src=\"https:\/\/cec.plasmamx.com\/wp-content\/uploads\/2023\/05\/news-20-310x270.jpg\" class=\"attachment-counsolve_310x270 size-counsolve_310x270 wp-post-image\" alt=\"\" decoding=\"async\" \/><\/a><\/figure>\n                            <div class=\"view-btn\"><a href=\"https:\/\/cec.plasmamx.com\/wp-content\/uploads\/2023\/05\/news-20.jpg\" class=\"lightbox-image\" data-fancybox=\"gallery\"><i class=\"flaticon-zoom-in\"><\/i><\/a><\/div>\n                        <\/div>\n                                                <div class=\"lower-box\">\n                            <h3><a href=\"https:\/\/cec.plasmamx.com\/index.php\/2023\/05\/30\/revisiting-your-investment-distribution-goals\/\">OPERACIONES ENTRE PARTES RELACIONADAS<\/a><\/h3>\n                            <div class=\"link counsolve-read-btn\"><a href=\"https:\/\/cec.plasmamx.com\/index.php\/2023\/05\/30\/revisiting-your-investment-distribution-goals\/\">\n                            \t<span>\n                                \t\t\t\t\t\t\t\t\t\t\tLeer Mas                                                                    <\/span><\/a>\n                            <\/div>\n                        <\/div>\n                    <\/div>\n                <\/div>\n            <\/div>\n                        <div class=\"col-lg-4 col-md-6 col-sm-12 news-block\">\n                <div class=\"news-block-one wow fadeInUp animated\" data-wow-delay=\"00ms\" data-wow-duration=\"1500ms\">\n                    <div class=\"inner-box\">\n                        <div class=\"upper-box\">\n                                                                                <\/div>\n                                                <div class=\"image-box\">\n                            <figure class=\"image\"><a href=\"https:\/\/cec.plasmamx.com\/index.php\/2023\/05\/30\/interested-in-giving-back-this-year-here-are-some-tip\/\"><img loading=\"lazy\" width=\"310\" height=\"270\" src=\"https:\/\/cec.plasmamx.com\/wp-content\/uploads\/2023\/05\/news-21-310x270.jpg\" class=\"attachment-counsolve_310x270 size-counsolve_310x270 wp-post-image\" alt=\"\" decoding=\"async\" \/><\/a><\/figure>\n                            <div class=\"view-btn\"><a href=\"https:\/\/cec.plasmamx.com\/wp-content\/uploads\/2023\/05\/news-21.jpg\" class=\"lightbox-image\" data-fancybox=\"gallery\"><i class=\"flaticon-zoom-in\"><\/i><\/a><\/div>\n                        <\/div>\n                                                <div class=\"lower-box\">\n                            <h3><a href=\"https:\/\/cec.plasmamx.com\/index.php\/2023\/05\/30\/interested-in-giving-back-this-year-here-are-some-tip\/\">Problem\u00e1tica del c\u00e1lculo del impuesto sobre la renta al salario m\u00ednimo 2023.<\/a><\/h3>\n                            <div class=\"link counsolve-read-btn\"><a href=\"https:\/\/cec.plasmamx.com\/index.php\/2023\/05\/30\/interested-in-giving-back-this-year-here-are-some-tip\/\">\n                            \t<span>\n                                \t\t\t\t\t\t\t\t\t\t\tLeer Mas                                                                    <\/span><\/a>\n                            <\/div>\n                        <\/div>\n                    <\/div>\n                <\/div>\n            <\/div>\n                    <\/div>\n                <div class=\"pagination-wrapper centred\">\n            <div class=\"pagination clearfix\">\n                            <\/div>\n        <\/div>\n            <\/section>    \n    \n       \t\t\t<\/div>\n\t\t\t\t<\/div>\n\t\t\t\t\t<\/div>\n\t\t<\/div>\n\t\t\t\t\t\t\t<\/div>\n\t\t<\/section>\n\t\t\t\t\t<\/div>\n\t\t<\/div>\n\t\t\t\t\t\t\t<\/div>\n\t\t<\/section>\n\t\t\t\t<section class=\"elementor-section elementor-top-section elementor-element elementor-element-e2f04df elementor-section-full_width elementor-section-height-default elementor-section-height-default\" data-id=\"e2f04df\" data-element_type=\"section\">\n\t\t\t\t\t\t<div class=\"elementor-container elementor-column-gap-default\">\n\t\t\t\t\t<div class=\"elementor-column elementor-col-100 elementor-top-column elementor-element elementor-element-58716f6\" data-id=\"58716f6\" data-element_type=\"column\">\n\t\t\t<div class=\"elementor-widget-wrap elementor-element-populated\">\n\t\t\t\t\t\t\t\t<div class=\"elementor-element elementor-element-cc1f10e elementor-widget elementor-widget-counsolve_call_to_action\" data-id=\"cc1f10e\" data-element_type=\"widget\" data-settings=\"{&quot;counsolve_layout_margin&quot;:{&quot;unit&quot;:&quot;px&quot;,&quot;top&quot;:&quot;&quot;,&quot;right&quot;:&quot;&quot;,&quot;bottom&quot;:&quot;&quot;,&quot;left&quot;:&quot;&quot;,&quot;isLinked&quot;:true},&quot;counsolve_layout_margin_tablet&quot;:{&quot;unit&quot;:&quot;px&quot;,&quot;top&quot;:&quot;&quot;,&quot;right&quot;:&quot;&quot;,&quot;bottom&quot;:&quot;&quot;,&quot;left&quot;:&quot;&quot;,&quot;isLinked&quot;:true},&quot;counsolve_layout_margin_mobile&quot;:{&quot;unit&quot;:&quot;px&quot;,&quot;top&quot;:&quot;&quot;,&quot;right&quot;:&quot;&quot;,&quot;bottom&quot;:&quot;&quot;,&quot;left&quot;:&quot;&quot;,&quot;isLinked&quot;:true},&quot;counsolve_layout_padding&quot;:{&quot;unit&quot;:&quot;px&quot;,&quot;top&quot;:&quot;&quot;,&quot;right&quot;:&quot;&quot;,&quot;bottom&quot;:&quot;&quot;,&quot;left&quot;:&quot;&quot;,&quot;isLinked&quot;:true},&quot;counsolve_layout_padding_tablet&quot;:{&quot;unit&quot;:&quot;px&quot;,&quot;top&quot;:&quot;&quot;,&quot;right&quot;:&quot;&quot;,&quot;bottom&quot;:&quot;&quot;,&quot;left&quot;:&quot;&quot;,&quot;isLinked&quot;:true},&quot;counsolve_layout_padding_mobile&quot;:{&quot;unit&quot;:&quot;px&quot;,&quot;top&quot;:&quot;&quot;,&quot;right&quot;:&quot;&quot;,&quot;bottom&quot;:&quot;&quot;,&quot;left&quot;:&quot;&quot;,&quot;isLinked&quot;:true}}\" data-widget_type=\"counsolve_call_to_action.default\">\n\t\t\t\t<div class=\"elementor-widget-container\">\n\t\t\t\t\n    <!-- cta-section -->\n    <section class=\"cta-section alternat-2\">\n        <div class=\"outer-container\">\n            <div class=\"pattern-layer\"  style=\"background-image: url(https:\/\/cec.plasmamx.com\/wp-content\/uploads\/2023\/09\/fondo-contador2.png);\"><\/div>\n                        <div class=\"image-box-one\">\n            \t                <figure class=\"image\"><img decoding=\"async\" src=\"https:\/\/cec.plasmamx.com\/wp-content\/uploads\/2023\/06\/cta-1.jpg\" alt=\"Awesome Image\"><\/figure>\n                                                <div class=\"phone\"><h4>Call:  <a href=\"tel:(+41)-888.76.5432\">(+41)-888.76.5432<\/a><\/h4><\/div>\n                            <\/div>\n                                    <div class=\"image-box-two\">\n                                <figure class=\"image\"><img decoding=\"async\" src=\"https:\/\/cec.plasmamx.com\/wp-content\/uploads\/2023\/06\/cta-2.jpg\" alt=\"Awesome Image\"><\/figure>\n                                            <\/div>\n                                    <div class=\"auto-container\">\n                <div class=\"row clearfix\">\n                    <div class=\"col-lg-8 col-md-12 col-sm-12 offset-lg-2 content-column\">\n                        <div class=\"content-box\">\n                            <h2>\u00bfEstas interasado?<\/h2>                            <div class=\"inner-box\">\n                                                                <figure class=\"image-box\"><img decoding=\"async\" src=\"https:\/\/cec.plasmamx.com\/wp-content\/uploads\/2023\/09\/sc5-2-scaled.jpeg\" alt=\"Awesome Image\"><\/figure>\n                                                                                                                            <\/div>\n                        <\/div>\n                    <\/div>\n                <\/div>\n            <\/div>\n                    <\/div>\n    <\/section>\n    <!-- cta-section end -->\n            \n    \t\t<\/div>\n\t\t\t\t<\/div>\n\t\t\t\t\t<\/div>\n\t\t<\/div>\n\t\t\t\t\t\t\t<\/div>\n\t\t<\/section>\n\t\t\t\t\t\t\t<\/div>\n\t\t","protected":false},"excerpt":{"rendered":"<p>OBLIGACIONES DE LAS PERSONAS F\u00cdSICAS Y MORALES EN MATERIA DE PARTES RELACIONADAS Leer Mas OPERACIONES ENTRE PARTES RELACIONADAS Leer Mas Problem\u00e1tica del c\u00e1lculo del impuesto sobre la renta al salario m\u00ednimo 2023. Leer Mas Call: (+41)-888.76.5432 \u00bfEstas interasado?<\/p>\n","protected":false},"author":1,"featured_media":0,"parent":0,"menu_order":0,"comment_status":"closed","ping_status":"closed","template":"tpl-default-elementor.php","meta":{"footnotes":""},"_links":{"self":[{"href":"https:\/\/cec.plasmamx.com\/index.php\/wp-json\/wp\/v2\/pages\/28"}],"collection":[{"href":"https:\/\/cec.plasmamx.com\/index.php\/wp-json\/wp\/v2\/pages"}],"about":[{"href":"https:\/\/cec.plasmamx.com\/index.php\/wp-json\/wp\/v2\/types\/page"}],"author":[{"embeddable":true,"href":"https:\/\/cec.plasmamx.com\/index.php\/wp-json\/wp\/v2\/users\/1"}],"replies":[{"embeddable":true,"href":"https:\/\/cec.plasmamx.com\/index.php\/wp-json\/wp\/v2\/comments?post=28"}],"version-history":[{"count":18,"href":"https:\/\/cec.plasmamx.com\/index.php\/wp-json\/wp\/v2\/pages\/28\/revisions"}],"predecessor-version":[{"id":3700,"href":"https:\/\/cec.plasmamx.com\/index.php\/wp-json\/wp\/v2\/pages\/28\/revisions\/3700"}],"wp:attachment":[{"href":"https:\/\/cec.plasmamx.com\/index.php\/wp-json\/wp\/v2\/media?parent=28"}],"curies":[{"name":"wp","href":"https:\/\/api.w.org\/{rel}","templated":true}]}}