{"id":18,"date":"2023-05-30T08:03:01","date_gmt":"2023-05-30T08:03:01","guid":{"rendered":"https:\/\/wp1.themevibrant.com\/newwp\/counsolve\/?page_id=18"},"modified":"2023-10-05T22:25:50","modified_gmt":"2023-10-05T22:25:50","slug":"services","status":"publish","type":"page","link":"https:\/\/cec.plasmamx.com\/index.php\/services\/","title":{"rendered":"Servicios"},"content":{"rendered":"\t\t<div data-elementor-type=\"wp-page\" data-elementor-id=\"18\" class=\"elementor elementor-18\" data-elementor-post-type=\"page\">\n\t\t\t\t\t\t\t\t\t<section class=\"elementor-section elementor-top-section elementor-element elementor-element-b66b02c elementor-section-full_width elementor-section-height-default elementor-section-height-default\" data-id=\"b66b02c\" data-element_type=\"section\">\n\t\t\t\t\t\t<div class=\"elementor-container elementor-column-gap-default\">\n\t\t\t\t\t<div class=\"elementor-column elementor-col-100 elementor-top-column elementor-element elementor-element-88cb0ec\" data-id=\"88cb0ec\" data-element_type=\"column\">\n\t\t\t<div class=\"elementor-widget-wrap elementor-element-populated\">\n\t\t\t\t\t\t\t\t<section class=\"elementor-section elementor-inner-section elementor-element elementor-element-b8c0b50 elementor-section-boxed elementor-section-height-default elementor-section-height-default\" data-id=\"b8c0b50\" data-element_type=\"section\">\n\t\t\t\t\t\t<div class=\"elementor-container elementor-column-gap-default\">\n\t\t\t\t\t<div class=\"elementor-column elementor-col-50 elementor-inner-column elementor-element elementor-element-f80d599\" data-id=\"f80d599\" data-element_type=\"column\">\n\t\t\t<div class=\"elementor-widget-wrap elementor-element-populated\">\n\t\t\t\t\t\t\t\t<div class=\"elementor-element elementor-element-3a310af elementor-widget elementor-widget-counsolve_float_image\" data-id=\"3a310af\" data-element_type=\"widget\" data-settings=\"{&quot;counsolve_layout_margin&quot;:{&quot;unit&quot;:&quot;px&quot;,&quot;top&quot;:&quot;&quot;,&quot;right&quot;:&quot;&quot;,&quot;bottom&quot;:&quot;&quot;,&quot;left&quot;:&quot;&quot;,&quot;isLinked&quot;:true},&quot;counsolve_layout_margin_tablet&quot;:{&quot;unit&quot;:&quot;px&quot;,&quot;top&quot;:&quot;&quot;,&quot;right&quot;:&quot;&quot;,&quot;bottom&quot;:&quot;&quot;,&quot;left&quot;:&quot;&quot;,&quot;isLinked&quot;:true},&quot;counsolve_layout_margin_mobile&quot;:{&quot;unit&quot;:&quot;px&quot;,&quot;top&quot;:&quot;&quot;,&quot;right&quot;:&quot;&quot;,&quot;bottom&quot;:&quot;&quot;,&quot;left&quot;:&quot;&quot;,&quot;isLinked&quot;:true},&quot;counsolve_layout_padding&quot;:{&quot;unit&quot;:&quot;px&quot;,&quot;top&quot;:&quot;&quot;,&quot;right&quot;:&quot;&quot;,&quot;bottom&quot;:&quot;&quot;,&quot;left&quot;:&quot;&quot;,&quot;isLinked&quot;:true},&quot;counsolve_layout_padding_tablet&quot;:{&quot;unit&quot;:&quot;px&quot;,&quot;top&quot;:&quot;&quot;,&quot;right&quot;:&quot;&quot;,&quot;bottom&quot;:&quot;&quot;,&quot;left&quot;:&quot;&quot;,&quot;isLinked&quot;:true},&quot;counsolve_layout_padding_mobile&quot;:{&quot;unit&quot;:&quot;px&quot;,&quot;top&quot;:&quot;&quot;,&quot;right&quot;:&quot;&quot;,&quot;bottom&quot;:&quot;&quot;,&quot;left&quot;:&quot;&quot;,&quot;isLinked&quot;:true}}\" data-widget_type=\"counsolve_float_image.default\">\n\t\t\t\t<div class=\"elementor-widget-container\">\n\t\t\t   \n    \n\t\t\n    <!-- about-style-three -->\n    <section class=\"about-style-three counsolve-banner-section p-0 m-0\"> \n        <div class=\"image-box\">\n            <div class=\"image-shape\"  style=\"background-image: url(https:\/\/cec.plasmamx.com\/wp-content\/uploads\/2023\/06\/shape-44.png);\"><\/div>\n                        <figure class=\"image image-1\"><img decoding=\"async\" src=\"https:\/\/cec.plasmamx.com\/wp-content\/uploads\/2023\/06\/DSC01178_1-scaled.jpg\" alt=\"Awesome Image\"><\/figure>\n            <figure class=\"image image-2\"><img decoding=\"async\" src=\"https:\/\/cec.plasmamx.com\/wp-content\/uploads\/2023\/06\/about-3.jpg\" alt=\"Awesome Image\"><\/figure>\n                                <\/div>\n    <\/section>\n\t\t\t<\/div>\n\t\t\t\t<\/div>\n\t\t\t\t\t<\/div>\n\t\t<\/div>\n\t\t\t\t<div class=\"elementor-column elementor-col-50 elementor-inner-column elementor-element elementor-element-db1d323\" data-id=\"db1d323\" data-element_type=\"column\">\n\t\t\t<div class=\"elementor-widget-wrap elementor-element-populated\">\n\t\t\t\t\t\t\t\t<div class=\"elementor-element elementor-element-21c3f18 elementor-widget elementor-widget-counsolve_hero_title\" data-id=\"21c3f18\" data-element_type=\"widget\" data-widget_type=\"counsolve_hero_title.default\">\n\t\t\t\t<div class=\"elementor-widget-container\">\n\t\t\t    \n    <div class=\"te-box-title sec-title \">        \n                <span class=\"te-subtitle sub-title\"><span class=\"te-bn-subtitle\"><\/span><\/span>\n        \t\t<h2 class=\"te_title counsolve-size-default\">SERVICIOS<\/h2>        \n                <div class=\"normal__text text-box\">\n            <p><div class=\"et_pb_section et_pb_section_0 et_pb_with_background et_section_regular\"><div class=\"et_pb_with_border et_pb_row et_pb_row_0\"><div class=\"et_pb_column et_pb_column_4_4 et_pb_column_0  et_pb_css_mix_blend_mode_passthrough et-last-child\"><div class=\"et_pb_module et_pb_text et_pb_text_0  et_pb_text_align_left et_pb_bg_layout_light\"><div class=\"et_pb_text_inner\"><h1>\u00a0<\/h1><p><b>Somos expertos en las peque\u00f1as y medianas empresas comerciales, industriales y de servicios; les ofrecemos los mejores escenarios posibles para mejorar su rentabilidad, mediante el an\u00e1lisis de los procesos de gesti\u00f3n empresarial: la planeaci\u00f3n, la organizaci\u00f3n, la direcci\u00f3n y el control de los recursos financieros, humanos y materiales con que cuentan<\/b>.<\/p><\/div><\/div><\/div><\/div><\/div><\/p>\n        <\/div>\n                \n    <\/div>     \n    \n    \t\t<\/div>\n\t\t\t\t<\/div>\n\t\t\t\t\t<\/div>\n\t\t<\/div>\n\t\t\t\t\t\t\t<\/div>\n\t\t<\/section>\n\t\t\t\t\t<\/div>\n\t\t<\/div>\n\t\t\t\t\t\t\t<\/div>\n\t\t<\/section>\n\t\t\t\t<section class=\"elementor-section elementor-top-section elementor-element elementor-element-d8b9382 elementor-section-boxed elementor-section-height-default elementor-section-height-default\" data-id=\"d8b9382\" data-element_type=\"section\">\n\t\t\t\t\t\t<div class=\"elementor-container elementor-column-gap-default\">\n\t\t\t\t\t<div class=\"elementor-column elementor-col-100 elementor-top-column elementor-element elementor-element-ff0cf8d\" data-id=\"ff0cf8d\" data-element_type=\"column\">\n\t\t\t<div class=\"elementor-widget-wrap elementor-element-populated\">\n\t\t\t\t\t\t\t\t<div class=\"elementor-element elementor-element-64deba8 elementor-widget elementor-widget-counsolve_service_carousel\" data-id=\"64deba8\" data-element_type=\"widget\" data-widget_type=\"counsolve_service_carousel.default\">\n\t\t\t\t<div class=\"elementor-widget-container\">\n\t\t\t    \n        \n    <!-- service-style-three -->\n    <section class=\"service-style-three p-0 m-0\">            \n        <div class=\"four-item-carousel counsolve-service-four-item-carousel owl-carousel owl-theme owl-dots-none owl-nav-style\" id=\"yt-service-slider-v2\" data-slider=\"{&quot;infinite&quot;:false,&quot;autoplay&quot;:true,&quot;autoplaySpeed&quot;:&quot;2500&quot;,&quot;dots&quot;:false,&quot;nav&quot;:true,&quot;item_gap&quot;:30,&quot;item_show&quot;:3}\">\n                        <div class=\"service-block-two\">\n                <div class=\"inner-box\">\n                    <div class=\"town-service-title\"><h3><a href=\"https:\/\/cec.plasmamx.com\/index.php\/service\/approach-2-4\/\">PREVENCI\u00d3N DE LAVADO DE DINERO<\/a><\/h3><\/div>\n                    <figure class=\"image-box\"><\/figure>\n                <\/div>\n                <div class=\"link-box te-btn\">\n                    <a href=\"https:\/\/cec.plasmamx.com\/index.php\/service\/approach-2-4\/\"><i class=\"flaticon-right-arrow-1\"><\/i><\/a>\n                <\/div>\n            <\/div>\n                        <div class=\"service-block-two\">\n                <div class=\"inner-box\">\n                    <div class=\"town-service-title\"><h3><a href=\"https:\/\/cec.plasmamx.com\/index.php\/service\/approach-2-3\/\">DEFENSA JUR\u00cdDICO FISCAL<\/a><\/h3><\/div>\n                    <figure class=\"image-box\"><\/figure>\n                <\/div>\n                <div class=\"link-box te-btn\">\n                    <a href=\"https:\/\/cec.plasmamx.com\/index.php\/service\/approach-2-3\/\"><i class=\"flaticon-right-arrow-1\"><\/i><\/a>\n                <\/div>\n            <\/div>\n                        <div class=\"service-block-two\">\n                <div class=\"inner-box\">\n                    <div class=\"town-service-title\"><h3><a href=\"https:\/\/cec.plasmamx.com\/index.php\/service\/approach-2-2\/\">ASESORAMIENTO FISCAL<\/a><\/h3><\/div>\n                    <figure class=\"image-box\"><\/figure>\n                <\/div>\n                <div class=\"link-box te-btn\">\n                    <a href=\"https:\/\/cec.plasmamx.com\/index.php\/service\/approach-2-2\/\"><i class=\"flaticon-right-arrow-1\"><\/i><\/a>\n                <\/div>\n            <\/div>\n                        <div class=\"service-block-two\">\n                <div class=\"inner-box\">\n                    <div class=\"town-service-title\"><h3><a href=\"https:\/\/cec.plasmamx.com\/index.php\/service\/approach-3\/\">AUDITORIA DE ESTADOS FINANCIEROS<\/a><\/h3><\/div>\n                    <figure class=\"image-box\"><\/figure>\n                <\/div>\n                <div class=\"link-box te-btn\">\n                    <a href=\"https:\/\/cec.plasmamx.com\/index.php\/service\/approach-3\/\"><i class=\"flaticon-right-arrow-1\"><\/i><\/a>\n                <\/div>\n            <\/div>\n                        <div class=\"service-block-two\">\n                <div class=\"inner-box\">\n                    <div class=\"town-service-title\"><h3><a href=\"https:\/\/cec.plasmamx.com\/index.php\/service\/approach-2\/\">AUDITOR\u00cdA GUBERNAMENTAL<\/a><\/h3><\/div>\n                    <figure class=\"image-box\"><\/figure>\n                <\/div>\n                <div class=\"link-box te-btn\">\n                    <a href=\"https:\/\/cec.plasmamx.com\/index.php\/service\/approach-2\/\"><i class=\"flaticon-right-arrow-1\"><\/i><\/a>\n                <\/div>\n            <\/div>\n                        <div class=\"service-block-two\">\n                <div class=\"inner-box\">\n                    <div class=\"town-service-title\"><h3><a href=\"https:\/\/cec.plasmamx.com\/index.php\/service\/approach\/\">LABORAL Y DE SEGURIDAD SOCIAL.<\/a><\/h3><\/div>\n                    <figure class=\"image-box\"><\/figure>\n                <\/div>\n                <div class=\"link-box te-btn\">\n                    <a href=\"https:\/\/cec.plasmamx.com\/index.php\/service\/approach\/\"><i class=\"flaticon-right-arrow-1\"><\/i><\/a>\n                <\/div>\n            <\/div>\n                    <\/div>        \n    <\/section>\n    <!-- service-style-three end -->\n    \n        \t\t<\/div>\n\t\t\t\t<\/div>\n\t\t\t\t\t<\/div>\n\t\t<\/div>\n\t\t\t\t\t\t\t<\/div>\n\t\t<\/section>\n\t\t\t\t<section class=\"elementor-section elementor-top-section elementor-element elementor-element-b124197 elementor-section-full_width elementor-section-height-default elementor-section-height-default\" data-id=\"b124197\" data-element_type=\"section\" data-settings=\"{&quot;background_background&quot;:&quot;classic&quot;}\">\n\t\t\t\t\t\t<div class=\"elementor-container elementor-column-gap-default\">\n\t\t\t\t\t<div class=\"elementor-column elementor-col-100 elementor-top-column elementor-element elementor-element-47f2034\" data-id=\"47f2034\" data-element_type=\"column\">\n\t\t\t<div class=\"elementor-widget-wrap elementor-element-populated\">\n\t\t\t\t\t\t\t\t<section class=\"elementor-section elementor-inner-section elementor-element elementor-element-c06e886 elementor-section-boxed elementor-section-height-default elementor-section-height-default\" data-id=\"c06e886\" data-element_type=\"section\">\n\t\t\t\t\t\t<div class=\"elementor-container elementor-column-gap-default\">\n\t\t\t\t\t<div class=\"elementor-column elementor-col-100 elementor-inner-column elementor-element elementor-element-10e2bf2\" data-id=\"10e2bf2\" data-element_type=\"column\">\n\t\t\t<div class=\"elementor-widget-wrap elementor-element-populated\">\n\t\t\t\t\t\t\t\t<div class=\"elementor-element elementor-element-feb4565 elementor-widget elementor-widget-counsolve_hero_title\" data-id=\"feb4565\" data-element_type=\"widget\" data-widget_type=\"counsolve_hero_title.default\">\n\t\t\t\t<div class=\"elementor-widget-container\">\n\t\t\t    \n    <div class=\"te-box-title sec-title text-center\">        \n                <span class=\"te-subtitle sub-title\"><span class=\"te-bn-subtitle\"><\/span><\/span>\n        \t\t<h2 class=\"te_title counsolve-size-default\">EMPRESAS ASOCIADAS<\/h2>        \n                \n    <\/div>     \n    \n    \t\t<\/div>\n\t\t\t\t<\/div>\n\t\t\t\t\t<\/div>\n\t\t<\/div>\n\t\t\t\t\t\t\t<\/div>\n\t\t<\/section>\n\t\t\t\t<section class=\"elementor-section elementor-inner-section elementor-element elementor-element-221cf39 elementor-section-boxed elementor-section-height-default elementor-section-height-default\" data-id=\"221cf39\" data-element_type=\"section\">\n\t\t\t\t\t\t<div class=\"elementor-container elementor-column-gap-default\">\n\t\t\t\t\t<div class=\"elementor-column elementor-col-100 elementor-inner-column elementor-element elementor-element-786d974\" data-id=\"786d974\" data-element_type=\"column\">\n\t\t\t<div class=\"elementor-widget-wrap elementor-element-populated\">\n\t\t\t\t\t\t\t\t<div class=\"elementor-element elementor-element-b6bdf7d elementor-widget elementor-widget-counsolve_clients\" data-id=\"b6bdf7d\" data-element_type=\"widget\" data-settings=\"{&quot;counsolve_layout_margin&quot;:{&quot;unit&quot;:&quot;px&quot;,&quot;top&quot;:&quot;&quot;,&quot;right&quot;:&quot;&quot;,&quot;bottom&quot;:&quot;&quot;,&quot;left&quot;:&quot;&quot;,&quot;isLinked&quot;:true},&quot;counsolve_layout_margin_tablet&quot;:{&quot;unit&quot;:&quot;px&quot;,&quot;top&quot;:&quot;&quot;,&quot;right&quot;:&quot;&quot;,&quot;bottom&quot;:&quot;&quot;,&quot;left&quot;:&quot;&quot;,&quot;isLinked&quot;:true},&quot;counsolve_layout_margin_mobile&quot;:{&quot;unit&quot;:&quot;px&quot;,&quot;top&quot;:&quot;&quot;,&quot;right&quot;:&quot;&quot;,&quot;bottom&quot;:&quot;&quot;,&quot;left&quot;:&quot;&quot;,&quot;isLinked&quot;:true},&quot;counsolve_layout_padding&quot;:{&quot;unit&quot;:&quot;px&quot;,&quot;top&quot;:&quot;&quot;,&quot;right&quot;:&quot;&quot;,&quot;bottom&quot;:&quot;&quot;,&quot;left&quot;:&quot;&quot;,&quot;isLinked&quot;:true},&quot;counsolve_layout_padding_tablet&quot;:{&quot;unit&quot;:&quot;px&quot;,&quot;top&quot;:&quot;&quot;,&quot;right&quot;:&quot;&quot;,&quot;bottom&quot;:&quot;&quot;,&quot;left&quot;:&quot;&quot;,&quot;isLinked&quot;:true},&quot;counsolve_layout_padding_mobile&quot;:{&quot;unit&quot;:&quot;px&quot;,&quot;top&quot;:&quot;&quot;,&quot;right&quot;:&quot;&quot;,&quot;bottom&quot;:&quot;&quot;,&quot;left&quot;:&quot;&quot;,&quot;isLinked&quot;:true}}\" data-widget_type=\"counsolve_clients.default\">\n\t\t\t\t<div class=\"elementor-widget-container\">\n\t\t\t    \n\t    <!-- brand logo -->\n    \n    <div class=\"clients-section bn-clients p-0 m-0\">\n        <ul class=\"five-item-carousel counsolve-client-five-item-carousel owl-carousel owl-theme owl-dots-none owl-nav-one\" id=\"yt-client-slider\" data-slider=\"{&quot;infinite&quot;:false,&quot;autoplay&quot;:true,&quot;autoplaySpeed&quot;:&quot;2500&quot;,&quot;dots&quot;:false,&quot;nav&quot;:true,&quot;item_gap&quot;:30,&quot;item_show&quot;:3}\">\n                        <li><figure class=\"clients-logo\"><a href=\"#\"><img decoding=\"async\" src=\"https:\/\/cec.plasmamx.com\/wp-content\/uploads\/2023\/09\/RodriguezGonzalezBlanco.png\" alt=\"Awesome Image\"><\/a><\/figure><\/li>\n                        <li><figure class=\"clients-logo\"><a href=\"#\"><img decoding=\"async\" src=\"https:\/\/cec.plasmamx.com\/wp-content\/uploads\/2023\/09\/iura-cpa-consulting.png\" alt=\"Awesome Image\"><\/a><\/figure><\/li>\n                        <li><figure class=\"clients-logo\"><a href=\"#\"><img decoding=\"async\" src=\"https:\/\/cec.plasmamx.com\/wp-content\/uploads\/2023\/09\/despacho-rendon-azul.png\" alt=\"Awesome Image\"><\/a><\/figure><\/li>\n                        <li><figure class=\"clients-logo\"><a href=\"#\"><img decoding=\"async\" src=\"https:\/\/cec.plasmamx.com\/wp-content\/uploads\/2023\/09\/Cavazos.jpg\" alt=\"Awesome Image\"><\/a><\/figure><\/li>\n                        <li><figure class=\"clients-logo\"><a href=\"#\"><img decoding=\"async\" src=\"https:\/\/cec.plasmamx.com\/wp-content\/uploads\/2023\/09\/as-consulting-group.png\" alt=\"Awesome Image\"><\/a><\/figure><\/li>\n                    <\/ul>                \n    <\/div>\n        \n      \n\t\t\t<\/div>\n\t\t\t\t<\/div>\n\t\t\t\t\t<\/div>\n\t\t<\/div>\n\t\t\t\t\t\t\t<\/div>\n\t\t<\/section>\n\t\t\t\t\t<\/div>\n\t\t<\/div>\n\t\t\t\t\t\t\t<\/div>\n\t\t<\/section>\n\t\t\t\t\t\t\t<\/div>\n\t\t","protected":false},"excerpt":{"rendered":"<p>SERVICIOS \u00a0 Somos expertos en las peque\u00f1as y medianas empresas comerciales, industriales y de servicios; les ofrecemos los mejores escenarios posibles para mejorar su rentabilidad, mediante el an\u00e1lisis de los procesos de gesti\u00f3n empresarial: la planeaci\u00f3n, la organizaci\u00f3n, la direcci\u00f3n y el control de los recursos financieros, humanos y materiales con que cuentan. PREVENCI\u00d3N DE [&hellip;]<\/p>\n","protected":false},"author":1,"featured_media":0,"parent":0,"menu_order":0,"comment_status":"closed","ping_status":"closed","template":"tpl-default-elementor.php","meta":{"footnotes":""},"_links":{"self":[{"href":"https:\/\/cec.plasmamx.com\/index.php\/wp-json\/wp\/v2\/pages\/18"}],"collection":[{"href":"https:\/\/cec.plasmamx.com\/index.php\/wp-json\/wp\/v2\/pages"}],"about":[{"href":"https:\/\/cec.plasmamx.com\/index.php\/wp-json\/wp\/v2\/types\/page"}],"author":[{"embeddable":true,"href":"https:\/\/cec.plasmamx.com\/index.php\/wp-json\/wp\/v2\/users\/1"}],"replies":[{"embeddable":true,"href":"https:\/\/cec.plasmamx.com\/index.php\/wp-json\/wp\/v2\/comments?post=18"}],"version-history":[{"count":48,"href":"https:\/\/cec.plasmamx.com\/index.php\/wp-json\/wp\/v2\/pages\/18\/revisions"}],"predecessor-version":[{"id":3649,"href":"https:\/\/cec.plasmamx.com\/index.php\/wp-json\/wp\/v2\/pages\/18\/revisions\/3649"}],"wp:attachment":[{"href":"https:\/\/cec.plasmamx.com\/index.php\/wp-json\/wp\/v2\/media?parent=18"}],"curies":[{"name":"wp","href":"https:\/\/api.w.org\/{rel}","templated":true}]}}